{"id":4624,"date":"2026-02-04T20:30:59","date_gmt":"2026-02-04T18:30:59","guid":{"rendered":"https:\/\/lelulinn.ee\/?post_type=product&#038;p=4624"},"modified":"2026-03-15T13:55:12","modified_gmt":"2026-03-15T11:55:12","slug":"koikuv-torn-kuldne","status":"publish","type":"product","link":"https:\/\/lelulinn.ee\/en\/product\/koikuv-torn-kuldne\/","title":{"rendered":"Wobbly Tower \"Gold Edition\""},"content":{"rendered":"<p><a href=\"http:\/\/lelulinn.ee\/wp-content\/uploads\/2024\/04\/small-foot-logo-el.webp\"><img loading=\"lazy\" decoding=\"async\" class=\"size-full wp-image-2897 aligncenter\" src=\"http:\/\/lelulinn.ee\/wp-content\/uploads\/2024\/04\/small-foot-logo-el.webp\" sizes=\"auto, (max-width: 220px) 100vw, 220px\" srcset=\"https:\/\/lelulinn.ee\/wp-content\/uploads\/2024\/04\/small-foot-logo-el.webp 220w, https:\/\/lelulinn.ee\/wp-content\/uploads\/2024\/04\/small-foot-logo-el-18x8.webp 18w\" alt=\"\" width=\"220\" height=\"100\" \/><\/a><\/p>\n<p class=\"translation-block\"><a href=\"https:\/\/www.small-foot.de\/en\/\" target=\"_self\">Small Foot<\/a>  is a German company known for crafting wooden toys that prioritize children's happiness and environmental sustainability. Their toys offer modern designs and simple play experiences to foster creativity, while their commitment to using sustainably sourced wood and minimizing plastic usage reflects their environmental responsibility. With a focus on quality and safety, Small Foot toys are designed in Germany and undergo rigorous quality control measures. Despite their high quality, they remain affordably priced, promoting accessibility for all families.<\/p>","protected":false},"excerpt":{"rendered":"<p>A classic game with a modern and \u201celegant\u201d look with gorgeous gold accents, trendy pastel colors, simple white, and lots of natural wood. Includes 54 high-quality, solid wooden playing blocks in different designs.<\/p>\n<p>Muutuv raskusaste ja m\u00e4ngustruktuur &#8211; m\u00e4ngitav t\u00e4ringutega v\u00f5i ilma. \u00a0Lihtsalt m\u00f5istetav m\u00e4ngukontseptsioon pakub l\u00f5bu ja head tuju nii noortele kui ka vanadele.<\/p>\n<p><strong>Recommended age: 3+ years<\/strong><\/p>","protected":false},"featured_media":4646,"template":"","meta":{"_kadence_starter_templates_imported_post":false,"_kad_post_transparent":"default","_kad_post_title":"","_kad_post_layout":"default","_kad_post_sidebar_id":"","_kad_post_content_style":"default","_kad_post_vertical_padding":"default","_kad_post_feature":"","_kad_post_feature_position":"","_kad_post_header":false,"_kad_post_footer":false,"_kad_post_classname":""},"product_brand":[68],"product_cat":[47,62],"product_tag":[],"class_list":{"0":"post-4624","1":"product","2":"type-product","3":"status-publish","4":"has-post-thumbnail","6":"product_brand-small-foot","7":"product_cat-lauamangud","8":"product_cat-manguasjad","9":"pa_age-19","11":"first","12":"instock","13":"taxable","14":"shipping-taxable","15":"purchasable","16":"product-type-simple","17":"entry","18":"content-bg","19":"loop-entry"},"aioseo_notices":[],"jetpack_sharing_enabled":true,"_links":{"self":[{"href":"https:\/\/lelulinn.ee\/en\/wp-json\/wp\/v2\/product\/4624","targetHints":{"allow":["GET"]}}],"collection":[{"href":"https:\/\/lelulinn.ee\/en\/wp-json\/wp\/v2\/product"}],"about":[{"href":"https:\/\/lelulinn.ee\/en\/wp-json\/wp\/v2\/types\/product"}],"wp:featuredmedia":[{"embeddable":true,"href":"https:\/\/lelulinn.ee\/en\/wp-json\/wp\/v2\/media\/4646"}],"wp:attachment":[{"href":"https:\/\/lelulinn.ee\/en\/wp-json\/wp\/v2\/media?parent=4624"}],"wp:term":[{"taxonomy":"product_brand","embeddable":true,"href":"https:\/\/lelulinn.ee\/en\/wp-json\/wp\/v2\/product_brand?post=4624"},{"taxonomy":"product_cat","embeddable":true,"href":"https:\/\/lelulinn.ee\/en\/wp-json\/wp\/v2\/product_cat?post=4624"},{"taxonomy":"product_tag","embeddable":true,"href":"https:\/\/lelulinn.ee\/en\/wp-json\/wp\/v2\/product_tag?post=4624"}],"curies":[{"name":"wp","href":"https:\/\/api.w.org\/{rel}","templated":true}]}}