{"id":4584,"date":"2026-01-28T21:59:41","date_gmt":"2026-01-28T19:59:41","guid":{"rendered":"https:\/\/lelulinn.ee\/?post_type=product&#038;p=4584"},"modified":"2026-03-15T13:54:19","modified_gmt":"2026-03-15T11:54:19","slug":"eluringi-alus","status":"publish","type":"product","link":"https:\/\/lelulinn.ee\/en\/product\/eluringi-alus\/","title":{"rendered":"Life Cycle board"},"content":{"rendered":"","protected":false},"excerpt":{"rendered":"<p data-start=\"181\" data-end=\"628\">Puidust eluringi alus on l\u00e4bim\u00f5eldud ja esteetiline \u00f5ppevahend, mis aitab lapsel m\u00f5ista looduses toimuvaid eluts\u00fckleid selgelt, loogiliselt ja m\u00e4nguliselt. Alus on valmistatud Eestis kasvanud ja v\u00e4\u00e4ristatud vahtrapuust ning loodud (l\u00f5igatud, liimitud) @andandesign poolt.\u00a0Iga alus on l\u00f5igatud ja viimistletud hoolikalt, et pakkuda lapsele turvalist ja meeldivat kasutuskogemust.<\/p>\n<p data-start=\"630\" data-end=\"1140\">The grooves and arrows on the board help children visually trace the circle of life, supporting their understanding of cause and effect relationships and sequencing skills. Tikkurila non-toxic blackboard paint has been used to highlight the black arrows, and the world-famous Titebond Original glue, which is also widely used in the production of high-quality toys, has been used to attach the details. The surface of the base has been left natural, highlighting the natural beauty of the wood and fitting harmoniously into any home or learning environment.<\/p>\n<p data-start=\"1142\" data-end=\"1669\">The Life Cycle board is suitable for use with a wide variety of topics \u2013 exploring the life cycles of animals, insects and plants. The child can place the figures in the correct order and the parent can introduce how life begins and develops. It supports language development, logical thinking, concentration and understanding of the constant change in nature. The board is well suited for both independent play and learning under adult supervision and is an excellent tool in teaching that supports the Montessori approach.<\/p>\n<p data-start=\"1671\" data-end=\"2052\">In our shop you can also find several different sets of life cycle minifigures that are suitable for use with this board, including chicken, frog, butterfly, bee, ant and plant life cycles. This way, the same board can be used for a long time and in a variety of ways, changing the themes according to the child's interest and age. This makes the life cycle board a lasting and valuable educational tool that grows with the child.<\/p>\n<p data-start=\"2054\" data-end=\"2259\">The life cycle board is an ideal choice for parents and teachers who value quality, natural materials, and learning through play, and want to offer their children a peaceful, meaningful, and developmental activity.<\/p>\n<p data-start=\"2054\" data-end=\"2259\"><strong>Recommended age: 3+ years<\/strong><\/p>","protected":false},"featured_media":4614,"template":"","meta":{"_kadence_starter_templates_imported_post":false,"_kad_post_transparent":"default","_kad_post_title":"","_kad_post_layout":"default","_kad_post_sidebar_id":"","_kad_post_content_style":"default","_kad_post_vertical_padding":"default","_kad_post_feature":"","_kad_post_feature_position":"","_kad_post_header":false,"_kad_post_footer":false,"_kad_post_classname":""},"product_brand":[73],"product_cat":[62,61,52,48,74],"product_tag":[],"class_list":{"0":"post-4584","1":"product","2":"type-product","3":"status-publish","4":"has-post-thumbnail","6":"product_brand-other","7":"product_cat-manguasjad","8":"product_cat-meeled","9":"product_cat-minifiguurid","10":"product_cat-montessori","11":"product_cat-oppemanguasjad","12":"pa_age-19","14":"first","15":"instock","16":"taxable","17":"shipping-taxable","18":"purchasable","19":"product-type-simple","20":"entry","21":"content-bg","22":"loop-entry"},"aioseo_notices":[],"jetpack_sharing_enabled":true,"_links":{"self":[{"href":"https:\/\/lelulinn.ee\/en\/wp-json\/wp\/v2\/product\/4584","targetHints":{"allow":["GET"]}}],"collection":[{"href":"https:\/\/lelulinn.ee\/en\/wp-json\/wp\/v2\/product"}],"about":[{"href":"https:\/\/lelulinn.ee\/en\/wp-json\/wp\/v2\/types\/product"}],"wp:featuredmedia":[{"embeddable":true,"href":"https:\/\/lelulinn.ee\/en\/wp-json\/wp\/v2\/media\/4614"}],"wp:attachment":[{"href":"https:\/\/lelulinn.ee\/en\/wp-json\/wp\/v2\/media?parent=4584"}],"wp:term":[{"taxonomy":"product_brand","embeddable":true,"href":"https:\/\/lelulinn.ee\/en\/wp-json\/wp\/v2\/product_brand?post=4584"},{"taxonomy":"product_cat","embeddable":true,"href":"https:\/\/lelulinn.ee\/en\/wp-json\/wp\/v2\/product_cat?post=4584"},{"taxonomy":"product_tag","embeddable":true,"href":"https:\/\/lelulinn.ee\/en\/wp-json\/wp\/v2\/product_tag?post=4584"}],"curies":[{"name":"wp","href":"https:\/\/api.w.org\/{rel}","templated":true}]}}