{"id":4389,"date":"2026-01-08T21:24:07","date_gmt":"2026-01-08T19:24:07","guid":{"rendered":"https:\/\/lelulinn.ee\/?post_type=product&#038;p=4389"},"modified":"2026-02-03T21:47:41","modified_gmt":"2026-02-03T19:47:41","slug":"minifiguuride-komplekt-taluloomad","status":"publish","type":"product","link":"https:\/\/lelulinn.ee\/en\/product\/minifiguuride-komplekt-taluloomad\/","title":{"rendered":"Farm Toob"},"content":{"rendered":"<p><a href=\"http:\/\/lelulinn.ee\/wp-content\/uploads\/2025\/11\/Safari-logo.webp\"><img loading=\"lazy\" decoding=\"async\" class=\"wp-image-4195 aligncenter\" src=\"http:\/\/lelulinn.ee\/wp-content\/uploads\/2025\/11\/Safari-logo-300x95.webp\" sizes=\"auto, (max-width: 253px) 100vw, 253px\" srcset=\"https:\/\/lelulinn.ee\/wp-content\/uploads\/2025\/11\/Safari-logo-300x95.webp 300w, https:\/\/lelulinn.ee\/wp-content\/uploads\/2025\/11\/Safari-logo-18x6.webp 18w, https:\/\/lelulinn.ee\/wp-content\/uploads\/2025\/11\/Safari-logo.webp 400w\" alt=\"\" width=\"253\" height=\"80\" \/><\/a><\/p>\n<p><a href=\"https:\/\/www.safariltd.com\/\">Safari LTD<\/a> is a family-owned business that has been creating high-quality, educational animal figures since 1982. The company\u2019s story began with Bernard and Rosemarie Rubel\u2019s desire to introduce children to the beauty of nature and the importance of endangered species. Their passion quickly grew into a world-renowned brand, characterized by its detailed, science-based, hand-painted figures.<\/p>\n<p>Today, Safari LTD is run by the third generation of the family, continuing the mission of \u201cToys That Teach\u2122.\u201d The brand is known for its nature-inspired selection, which includes real animals, dinosaurs, and fantasy creatures. All figures are made from safe, non-toxic materials and are designed to encourage children to explore the world through play and learning.<\/p>","protected":false},"excerpt":{"rendered":"<p>When you hear the rooster crowing, you know it's morning on the farm! This Toob contains 12 farm animal figurines ready for a hard day\u2019s work, including a German shepherd, pig, duck, hen, rooster, Holstein bull, goat, ewe, ram, Holstein cow, and a horse.<\/p>\n<p>Known for their charm, necessity, and most of all the impressive animals that inhabit them, farms are the heart of agriculture everywhere. To introduce you to this charming and gratifying way of life, we've bundled 12 of the most iconic farm animals into our Farm Toob. Regardless of whether you choose work or play, rest assured there's never a dull day on the farm!<\/p>\n<p>Realistlikult valmistatud iga komplekti kujuke j\u00e4\u00e4dvustab maapiirkonna maal\u00e4hedase vaimu. Olgu selleks siis valvas koer, kes on valmis karjama veiseid, v\u00f5i p\u00fcgamist vajavad lambad, muudavad need mudelid teie kodu maapiirkonna taluks ja sobivad ideaalselt hariduslikeks v\u00e4ljapanekuteks ja teie kollektsiooni t\u00e4iendamiseks. Alla 3 aastaste laste puhul on oluline t\u00e4iskasvanu j\u00e4relevalve! Figuuride m\u00f5\u00f5dud: 4 \u2013 7,5\u202fcm.<\/p>\n<p><strong>Suggested age: 3+ years<\/strong><\/p>","protected":false},"featured_media":4408,"template":"","meta":{"_kadence_starter_templates_imported_post":false,"_kad_post_transparent":"default","_kad_post_title":"","_kad_post_layout":"default","_kad_post_sidebar_id":"","_kad_post_content_style":"default","_kad_post_vertical_padding":"default","_kad_post_feature":"","_kad_post_feature_position":"","_kad_post_header":false,"_kad_post_footer":false,"_kad_post_classname":""},"product_brand":[72],"product_cat":[62,52],"product_tag":[],"class_list":{"0":"post-4389","1":"product","2":"type-product","3":"status-publish","4":"has-post-thumbnail","6":"product_brand-safari","7":"product_cat-manguasjad","8":"product_cat-minifiguurid","9":"pa_age-19","11":"first","12":"instock","13":"taxable","14":"shipping-taxable","15":"purchasable","16":"product-type-simple","17":"entry","18":"content-bg","19":"loop-entry"},"aioseo_notices":[],"jetpack_sharing_enabled":true,"_links":{"self":[{"href":"https:\/\/lelulinn.ee\/en\/wp-json\/wp\/v2\/product\/4389","targetHints":{"allow":["GET"]}}],"collection":[{"href":"https:\/\/lelulinn.ee\/en\/wp-json\/wp\/v2\/product"}],"about":[{"href":"https:\/\/lelulinn.ee\/en\/wp-json\/wp\/v2\/types\/product"}],"wp:featuredmedia":[{"embeddable":true,"href":"https:\/\/lelulinn.ee\/en\/wp-json\/wp\/v2\/media\/4408"}],"wp:attachment":[{"href":"https:\/\/lelulinn.ee\/en\/wp-json\/wp\/v2\/media?parent=4389"}],"wp:term":[{"taxonomy":"product_brand","embeddable":true,"href":"https:\/\/lelulinn.ee\/en\/wp-json\/wp\/v2\/product_brand?post=4389"},{"taxonomy":"product_cat","embeddable":true,"href":"https:\/\/lelulinn.ee\/en\/wp-json\/wp\/v2\/product_cat?post=4389"},{"taxonomy":"product_tag","embeddable":true,"href":"https:\/\/lelulinn.ee\/en\/wp-json\/wp\/v2\/product_tag?post=4389"}],"curies":[{"name":"wp","href":"https:\/\/api.w.org\/{rel}","templated":true}]}}