{"id":2426,"date":"2024-01-31T22:02:53","date_gmt":"2024-01-31T20:02:53","guid":{"rendered":"https:\/\/lelulinn.ee\/?post_type=product&#038;p=2426"},"modified":"2026-03-09T16:42:05","modified_gmt":"2026-03-09T14:42:05","slug":"tahtede-jaljendamisalused","status":"publish","type":"product","link":"https:\/\/lelulinn.ee\/en\/product\/tahtede-jaljendamisalused\/","title":{"rendered":"Alphabet Tracing Boards"},"content":{"rendered":"","protected":false},"excerpt":{"rendered":"<p>Kvaliteetsest puidust t\u00e4htede j\u00e4ljendamise vahend on hariv komplekt, mis on loodud v\u00e4ikestele \u00f5ppijatele. Igale puidust tahvlile vastab \u00fcks t\u00e4hestiku t\u00e4ht, mida saab puidust pliiatsi abiga j\u00e4ljendada. Sileda ja \u00fcmarate nurkade t\u00f5ttu on kasutamine turvaline ja mugav. See m\u00e4nguasi edendab peenmotoorikat, silmade-k\u00e4e koordinatsiooni ja t\u00e4htede \u00e4ratundmist, mist\u00f5ttu on see ideaalne vahend varajase keelearengu jaoks. Vaadake, kuidas teie v\u00e4ikesed lapsed selle puidust m\u00e4nguasjaga m\u00e4nguliselt uurides t\u00e4hestikku enesekindlalt omandavad. Saate valida kahe komplekti vahel &#8211; \u00fchel pool tr\u00fcki- ja teisel kirjat\u00e4hed v\u00f5i ainult kirjat\u00e4hed.<\/p>\n<p><strong> Recommended age: 3+ years<\/strong><\/p>","protected":false},"featured_media":2431,"template":"","meta":{"_kadence_starter_templates_imported_post":false,"_kad_post_transparent":"default","_kad_post_title":"","_kad_post_layout":"default","_kad_post_sidebar_id":"","_kad_post_content_style":"default","_kad_post_vertical_padding":"default","_kad_post_feature":"","_kad_post_feature_position":"","_kad_post_header":false,"_kad_post_footer":false,"_kad_post_classname":""},"product_brand":[73],"product_cat":[59,62,48,74],"product_tag":[],"class_list":{"0":"post-2426","1":"product","2":"type-product","3":"status-publish","4":"has-post-thumbnail","6":"product_brand-other","7":"product_cat-emakeel","8":"product_cat-manguasjad","9":"product_cat-montessori","10":"product_cat-oppemanguasjad","11":"pa_age-19","13":"first","14":"instock","15":"featured","16":"taxable","17":"shipping-taxable","18":"purchasable","19":"product-type-variable","20":"entry","21":"content-bg","22":"loop-entry"},"aioseo_notices":[],"jetpack_sharing_enabled":true,"_links":{"self":[{"href":"https:\/\/lelulinn.ee\/en\/wp-json\/wp\/v2\/product\/2426","targetHints":{"allow":["GET"]}}],"collection":[{"href":"https:\/\/lelulinn.ee\/en\/wp-json\/wp\/v2\/product"}],"about":[{"href":"https:\/\/lelulinn.ee\/en\/wp-json\/wp\/v2\/types\/product"}],"wp:featuredmedia":[{"embeddable":true,"href":"https:\/\/lelulinn.ee\/en\/wp-json\/wp\/v2\/media\/2431"}],"wp:attachment":[{"href":"https:\/\/lelulinn.ee\/en\/wp-json\/wp\/v2\/media?parent=2426"}],"wp:term":[{"taxonomy":"product_brand","embeddable":true,"href":"https:\/\/lelulinn.ee\/en\/wp-json\/wp\/v2\/product_brand?post=2426"},{"taxonomy":"product_cat","embeddable":true,"href":"https:\/\/lelulinn.ee\/en\/wp-json\/wp\/v2\/product_cat?post=2426"},{"taxonomy":"product_tag","embeddable":true,"href":"https:\/\/lelulinn.ee\/en\/wp-json\/wp\/v2\/product_tag?post=2426"}],"curies":[{"name":"wp","href":"https:\/\/api.w.org\/{rel}","templated":true}]}}