{"id":1730,"date":"2023-11-18T19:03:37","date_gmt":"2023-11-18T19:03:37","guid":{"rendered":"https:\/\/lelulinn.ee\/?post_type=product&#038;p=1730"},"modified":"2026-03-23T13:35:27","modified_gmt":"2026-03-23T11:35:27","slug":"arvupulgad","status":"publish","type":"product","link":"https:\/\/lelulinn.ee\/en\/product\/arvupulgad\/","title":{"rendered":"Number Rods"},"content":{"rendered":"","protected":false},"excerpt":{"rendered":"<p><span style=\"font-weight: 400;\">Montessori number rods illustrate the representation of quantities through numbers and demonstrate the combination of units to form quantities. They are instrumental in facilitating counting up to ten. Similar to the Large Numerical Rods, this set of small number rods, comprising two sets, serves the purposes of addition and subtraction. The collection consists of ten small wooden rods in each set, distinguished by alternating red and blue colors to indicate units. The utilization of Number Rods introduces students to the concept of measurement. Instead of merely comparing lengths and stating, \"this one is longer,\" students can now precisely quantify the difference between two rods.<\/span><\/p>\n<p>Made of solid wood and painted with water-based paints.<\/p>\n<p><strong>In the box:<\/strong><\/p>\n<ul>\n<li style=\"font-weight: 400;\" aria-level=\"1\"><span style=\"font-weight: 400;\">kaks komplekti k\u00fcmnest v\u00e4ikesest puidust pulgast, mis on vaheldumisi punase ja sinise v\u00e4rviga.<\/span><\/li>\n<li style=\"font-weight: 400;\" aria-level=\"1\"><span style=\"font-weight: 400;\">numbrite plaadid 1-10<\/span><\/li>\n<li style=\"font-weight: 400;\" aria-level=\"1\"><span style=\"font-weight: 400;\">puidust hoiukarp<\/span><\/li>\n<\/ul>\n<p><strong>Recommended age: 3+ years<\/strong><\/p>","protected":false},"featured_media":2375,"template":"","meta":{"_kadence_starter_templates_imported_post":false,"_kad_post_transparent":"default","_kad_post_title":"","_kad_post_layout":"default","_kad_post_sidebar_id":"","_kad_post_content_style":"default","_kad_post_vertical_padding":"default","_kad_post_feature":"","_kad_post_feature_position":"","_kad_post_header":false,"_kad_post_footer":false,"_kad_post_classname":""},"product_brand":[73],"product_cat":[15,48],"product_tag":[],"class_list":{"0":"post-1730","1":"product","2":"type-product","3":"status-publish","4":"has-post-thumbnail","6":"product_brand-other","7":"product_cat-matemaatika","8":"product_cat-montessori","9":"pa_age-19","11":"first","12":"instock","13":"featured","14":"taxable","15":"shipping-taxable","16":"purchasable","17":"product-type-simple","18":"entry","19":"content-bg","20":"loop-entry"},"aioseo_notices":[],"jetpack_sharing_enabled":true,"_links":{"self":[{"href":"https:\/\/lelulinn.ee\/en\/wp-json\/wp\/v2\/product\/1730","targetHints":{"allow":["GET"]}}],"collection":[{"href":"https:\/\/lelulinn.ee\/en\/wp-json\/wp\/v2\/product"}],"about":[{"href":"https:\/\/lelulinn.ee\/en\/wp-json\/wp\/v2\/types\/product"}],"wp:featuredmedia":[{"embeddable":true,"href":"https:\/\/lelulinn.ee\/en\/wp-json\/wp\/v2\/media\/2375"}],"wp:attachment":[{"href":"https:\/\/lelulinn.ee\/en\/wp-json\/wp\/v2\/media?parent=1730"}],"wp:term":[{"taxonomy":"product_brand","embeddable":true,"href":"https:\/\/lelulinn.ee\/en\/wp-json\/wp\/v2\/product_brand?post=1730"},{"taxonomy":"product_cat","embeddable":true,"href":"https:\/\/lelulinn.ee\/en\/wp-json\/wp\/v2\/product_cat?post=1730"},{"taxonomy":"product_tag","embeddable":true,"href":"https:\/\/lelulinn.ee\/en\/wp-json\/wp\/v2\/product_tag?post=1730"}],"curies":[{"name":"wp","href":"https:\/\/api.w.org\/{rel}","templated":true}]}}