{"id":1678,"date":"2023-11-13T19:25:19","date_gmt":"2023-11-13T19:25:19","guid":{"rendered":"https:\/\/lelulinn.ee\/?post_type=product&#038;p=1678"},"modified":"2026-04-15T13:46:14","modified_gmt":"2026-04-15T10:46:14","slug":"postkast-palliga","status":"publish","type":"product","link":"https:\/\/lelulinn.ee\/en\/product\/postkast-palliga\/","title":{"rendered":"Ball Box"},"content":{"rendered":"","protected":false},"excerpt":{"rendered":"<p data-start=\"263\" data-end=\"468\">Postkast palliga toob igasse p\u00e4eva avastamisr\u00f5\u00f5mu! Laps saab pista palli postkasti avasse ning j\u00e4lgida, kuidas see sealt l\u00e4bi liigub &#8211; lihtne tegevus, mis pakub palju r\u00f5\u00f5mu ja kordamissoovi.<\/p>\n<p data-start=\"470\" data-end=\"762\">Through play, the child learns the permanence of objects and at the same time develops fine motor skills and hand-eye coordination. Catching a ball and putting it in a hole are exactly the skills that a toddler practices every day. This is the perfect toy for a child's first independent discoveries - simple, understandable and at the same time very engaging.<\/p>\n<p>Measures: <span style=\"font-weight: 400;\">12 x 12 x8.5 cm<\/span><\/p>\n<p data-start=\"1220\" data-end=\"1283\"><strong data-start=\"1220\" data-end=\"1239\">Suggested age:<\/strong> <strong>from approx. 10-12 months (best 1-2 years)<\/strong><\/p>","protected":false},"featured_media":5120,"template":"","meta":{"_kadence_starter_templates_imported_post":false,"_kad_post_transparent":"default","_kad_post_title":"","_kad_post_layout":"default","_kad_post_sidebar_id":"","_kad_post_content_style":"default","_kad_post_vertical_padding":"default","_kad_post_feature":"","_kad_post_feature_position":"","_kad_post_header":false,"_kad_post_footer":false,"_kad_post_classname":""},"product_brand":[73],"product_cat":[50,48,60],"product_tag":[],"class_list":{"0":"post-1678","1":"product","2":"type-product","3":"status-publish","4":"has-post-thumbnail","6":"product_brand-other","7":"product_cat-beebid","8":"product_cat-montessori","9":"product_cat-vaikelastele","10":"pa_age-0-3","12":"first","13":"instock","14":"sale","15":"taxable","16":"shipping-taxable","17":"purchasable","18":"product-type-simple","19":"entry","20":"content-bg","21":"loop-entry"},"aioseo_notices":[],"jetpack_sharing_enabled":true,"_links":{"self":[{"href":"https:\/\/lelulinn.ee\/en\/wp-json\/wp\/v2\/product\/1678","targetHints":{"allow":["GET"]}}],"collection":[{"href":"https:\/\/lelulinn.ee\/en\/wp-json\/wp\/v2\/product"}],"about":[{"href":"https:\/\/lelulinn.ee\/en\/wp-json\/wp\/v2\/types\/product"}],"wp:featuredmedia":[{"embeddable":true,"href":"https:\/\/lelulinn.ee\/en\/wp-json\/wp\/v2\/media\/5120"}],"wp:attachment":[{"href":"https:\/\/lelulinn.ee\/en\/wp-json\/wp\/v2\/media?parent=1678"}],"wp:term":[{"taxonomy":"product_brand","embeddable":true,"href":"https:\/\/lelulinn.ee\/en\/wp-json\/wp\/v2\/product_brand?post=1678"},{"taxonomy":"product_cat","embeddable":true,"href":"https:\/\/lelulinn.ee\/en\/wp-json\/wp\/v2\/product_cat?post=1678"},{"taxonomy":"product_tag","embeddable":true,"href":"https:\/\/lelulinn.ee\/en\/wp-json\/wp\/v2\/product_tag?post=1678"}],"curies":[{"name":"wp","href":"https:\/\/api.w.org\/{rel}","templated":true}]}}